{"id":45,"date":"2024-01-31T13:12:00","date_gmt":"2024-01-31T16:12:00","guid":{"rendered":"https:\/\/vps-3841569-x.dattaweb.com\/fee\/?page_id=45"},"modified":"2025-12-22T18:57:51","modified_gmt":"2025-12-22T21:57:51","slug":"reglamento","status":"publish","type":"page","link":"https:\/\/magistraer.com\/fee\/reglamento\/","title":{"rendered":"Reglamento"},"content":{"rendered":"\n\t<section class=\"section\" id=\"section_776197190\">\n\t\t<div class=\"bg section-bg fill bg-fill  bg-loaded\" >\n\n\t\t\t\n\t\t\t\n\t\t\t\n\n\t\t<\/div>\n\n\t\t\n\n\t\t<div class=\"section-content relative\">\n\t\t\t\n\n<div class=\"row\"  id=\"row-1720220989\">\n\n\n\t<div id=\"col-2056724577\" class=\"col small-12 large-12\"  >\n\t\t\t\t<div class=\"col-inner\"  >\n\t\t\t\n\t\t\t\n\n<div class=\"container section-title-container\" ><h3 class=\"section-title section-title-normal\"><b><\/b><span class=\"section-title-main\" >reglamento fondo especial de emergencia<\/span><b><\/b><\/h3><\/div>\n\n<div class=\"accordion\">\n\n<div id=\"accordion-3609103861\" class=\"accordion-item\"><a id=\"accordion-3609103861-label\" href=\"#\" class=\"accordion-title plain\" aria-expanded=\"false\" aria-controls=\"accordion-3609103861-content\"><button class=\"toggle\" aria-label=\"Toggle\"><i class=\"icon-angle-down\"><\/i><\/button><span>I - OBJETO Y FUNCIONAMIENTO DEL FONDO<\/span><\/a><div id=\"accordion-3609103861-content\" class=\"accordion-inner\" aria-labelledby=\"accordion-3609103861-label\">\n\n<p><b>Art. 1\u00ba:<\/b> <span style=\"font-weight: 400;\">El<\/span><b> FONDO ESPECIAL PARA EMERGENCIAS <\/b><span style=\"font-weight: 400;\">(en adelante<\/span><b> \u201cFEE<\/b><span style=\"font-weight: 400;\">\u201d) es un instrumento de la pol\u00edtica general de apoyo y solidaridad en el campo de la\u00a0 Salud que promueve la Asociaci\u00f3n de la Magistratura y la Funci\u00f3n Judicial de Entre R\u00edos para con sus miembros (Art. 6 inc. e) del Estatuto de la Asociaci\u00f3n).<\/span><\/p>\n<p><b>Art. 2\u00ba: <\/b><b>EL FEE <\/b><span style=\"font-weight: 400;\">est\u00e1 creado y destinado para solventar gastos generales ante necesidades perentorias de servicios <\/span><b>que excedan a los contemplados en el nomenclador nacional o est\u00e9n cubiertos parcialmente por la obra social de base y\/o prepaga de cada afiliado.<\/b><span style=\"font-weight: 400;\"> En el caso de prestaciones contempladas en el nomenclador nacional el afiliado titular <\/span><b>deber\u00e1 solicitar previamente la cobertura de la prestaci\u00f3n ante la obra social y\/o prepaga a la que pertenece, y acompa\u00f1ar las constancias correspondientes.<\/b><\/p>\n<p><b>Art. 3\u00ba:<\/b><b> EL FEE <\/b><span style=\"font-weight: 400;\">no constituye en ning\u00fan caso ni cumple las funciones de una obra social, mutual ni servicio prepago privado. En todos los casos y en los t\u00e9rminos del Art. 2\u00ba de este Reglamento <\/span><b>EL FEE <\/b><span style=\"font-weight: 400;\">act\u00faa por reintegro a solicitud de su\u00a0 afiliado titular, complementando las estructuras de servicios mencionadas, cuando se estime que la cobertura dispuesta por las mismas para una prestaci\u00f3n determinada no existe, es exigua o se ha abonado un pago extra. En todos los casos se exigir\u00e1 al afiliado que manifieste si posee otra cobertura de salud adem\u00e1s del IOSPER, en su caso cu\u00e1l.<\/span><\/p>\n\n<\/div><\/div>\n<div id=\"accordion-2673328827\" class=\"accordion-item\"><a id=\"accordion-2673328827-label\" href=\"#\" class=\"accordion-title plain\" aria-expanded=\"false\" aria-controls=\"accordion-2673328827-content\"><button class=\"toggle\" aria-label=\"Toggle\"><i class=\"icon-angle-down\"><\/i><\/button><span>II \u2013 MEMBRES\u00cdA, FINANCIACI\u00d3N Y APORTES DEL FONDO<\/span><\/a><div id=\"accordion-2673328827-content\" class=\"accordion-inner\" aria-labelledby=\"accordion-2673328827-label\">\n\n<span class=\"scroll-to\" data-label=\"Scroll to: #asociarse\" data-bullet=\"false\" data-link=\"#asociarse\" data-title=\"asociarse\"><a name=\"asociarse\"><\/a><\/span>\n\n<p><b>Art. 4\u00ba: <\/b><span style=\"font-weight: 400;\">Los miembros de la Asociaci\u00f3n\u00a0 que hayan aceptado aportar e integrarse al <\/span><b>\u00a0<\/b><span style=\"font-weight: 400;\">\u00a0<\/span><b>FEE <\/b><span style=\"font-weight: 400;\">son los Beneficiarios Titulares del mismo.<\/span><\/p>\n<p><b>Art. 5\u00ba:<\/b><span style=\"font-weight: 400;\"> Es tambi\u00e9n beneficiaria del<\/span><b> FEE <\/b><span style=\"font-weight: 400;\">la familia primaria del Titular. Se entiende por <\/span><b>grupo familiar primario <\/b><span style=\"font-weight: 400;\">el integrado por<\/span><b> el\/la c\u00f3nyuge <\/b><span style=\"font-weight: 400;\">del afiliado titular;<\/span><b> los hijos\/as solteros\/as hasta los veinti\u00fan a\u00f1os, no emancipados por habilitaci\u00f3n de edad o ejercicio de veinti\u00fan a\u00f1os y hasta los veinticinco a\u00f1os inclusive, que est\u00e9n a exclusivo cargo del afiliado\/a titular que cursen estudios regulares oficialmente reconocidos por la autoridad pertinente; los hijos\/as incapacitados\/as y a cargo del afiliado\/a titular, mayores de dieciocho a\u00f1os; los\/as menores cuya guarda y tutela haya sido acordada por autoridad judicial o administrativa, que re\u00fanan los requisitos establecidos en este inciso. Para demostrar la condici\u00f3n de cada integrante del grupo familiar se les requerir\u00e1 la documentaci\u00f3n correspondiente.\u00a0<\/b><\/p>\n<p><b>Art. 6\u00ba:<\/b> <span style=\"font-weight: 400;\">El<\/span><b> FONDO ESPECIAL PARA EMERGENCIAS <\/b><span style=\"font-weight: 400;\">se integrar\u00e1 por un aporte voluntario de los afiliados de un 0,5% (cero cinco porciento) de sus haberes sujetos a descuentos a cargo de la Asociaci\u00f3n, previa autorizaci\u00f3n escrita consentida del titular. Los recursos as\u00ed constituidos se destinar\u00e1n exclusivamente\u00a0 a prestaciones vinculadas al cuidado de la salud.<\/span><\/p>\n\n<\/div><\/div>\n<div id=\"accordion-1027224572\" class=\"accordion-item\"><a id=\"accordion-1027224572-label\" href=\"#\" class=\"accordion-title plain\" aria-expanded=\"false\" aria-controls=\"accordion-1027224572-content\"><button class=\"toggle\" aria-label=\"Toggle\"><i class=\"icon-angle-down\"><\/i><\/button><span>III - ESQUEMA OPERATIVO DEL FONDO\/ AUDITOR\u00cdA<\/span><\/a><div id=\"accordion-1027224572-content\" class=\"accordion-inner\" aria-labelledby=\"accordion-1027224572-label\">\n\n<p><b>Art. 7\u00ba<\/b><span style=\"font-weight: 400;\">: El <\/span><b>FEE, <\/b><span style=\"font-weight: 400;\">contar\u00e1 con una <\/span><b>Comisi\u00f3n Administradora, <\/b><span style=\"font-weight: 400;\">designada y aprobada por la <\/span><b>Comisi\u00f3n Directiva <\/b><span style=\"font-weight: 400;\">vigente de la Asociaci\u00f3n al momento de la reforma de febrero 2024, y se renovar\u00e1 junto al cambio de autoridades de la Comisi\u00f3n Directiva, lo cual debe quedar plasmado en las actas de reuniones de la asociaci\u00f3n.\u00a0\u00a0\u00a0\u00a0\u00a0\u00a0<\/span><\/p>\n<p><b>Art. 8\u00b0: <\/b><span style=\"font-weight: 400;\">La asistencia del <\/span><b>FFE<\/b><span style=\"font-weight: 400;\"> s\u00f3lo se activa ante solicitudes de afiliados\/as <\/span><b>titulares<\/b><span style=\"font-weight: 400;\">, llegadas a la Administraci\u00f3n del <\/span><b>FEE<\/b><span style=\"font-weight: 400;\"> por cualquiera de las v\u00edas dispuestas a tal fin, p\u00e1gina web o correo electr\u00f3nico.<\/span><\/p>\n<p><b>Art. 9\u00ba:<\/b><span style=\"font-weight: 400;\"> El\/la afiliado\/a titular solicitante deber\u00e1 proporcionar la informaci\u00f3n en un <\/span><b><i>Formulario de Solicitud<\/i><\/b><span style=\"font-weight: 400;\"> dise\u00f1ado a tal fin. Las solicitudes de cobertura deber\u00e1n efectivizarse dentro de los <\/span><b>treinta (30) d\u00edas corridos<\/b><span style=\"font-weight: 400;\"> de la fecha de facturaci\u00f3n o del informe\u00a0 de cobertura parcial y\/o rechazo de la misma por parte de la Obra Social y\/o Prepaga que tuviere el\/la solicitante.<\/span><\/p>\n<p><b>Art. 10\u00ba:<\/b><span style=\"font-weight: 400;\"> el <\/span><b>FEE <\/b><span style=\"font-weight: 400;\">contar\u00e1 con un <\/span><b>anexo de prestaciones<\/b><span style=\"font-weight: 400;\"> que estipule conceptos, montos, porcentajes y topes para la cobertura de las mismas, el cual se actualizar\u00e1 en base a lo que determine la <\/span><b>Comisi\u00f3n Administradora <\/b><span style=\"font-weight: 400;\">teniendo en cuenta la situaci\u00f3n econ\u00f3mica y financiera del <\/span><b>FEE<\/b><span style=\"font-weight: 400;\"> y adaptaci\u00f3n a las realidades\/actualizaciones en cuestiones de salud<\/span><b>.<\/b><span style=\"font-weight: 400;\"> Los conceptos no incluidos en el anexo ser\u00e1n evaluados por la Comisi\u00f3n Administradora.\u00a0\u00a0\u00a0\u00a0<\/span><\/p>\n<p><b>Art. 11\u00b0: <\/b><span style=\"font-weight: 400;\">los topes de reintegros de las prestaciones se establecen por grupo familiar.\u00a0\u00a0\u00a0<\/span><\/p>\n<p><b>Art. 12\u00b0: <\/b><span style=\"font-weight: 400;\">los reintegros se realizar\u00e1n sobre el saldo que resulte del monto total de lo facturado menos lo que reconozca IOSPER. En caso de contar con prepaga se les requerir\u00e1 el comprobante de lo que reconozca a fin de cotejarlo con los topes y evitar reintegros por monto mayor al pagado. Si demuestra que el concepto por el cual solicita el reintegro no lo cubre el IOSPER y\/o prepaga, los porcentajes ser\u00e1n sobre el total facturado. El monto total reintegrado nunca podr\u00e1 superar el total pagado teniendo en cuenta el reconocimiento del IOSPER y\/o prepaga si tuviera.<\/span><\/p>\n<p><b>Art. 13\u00b0: <\/b><span style=\"font-weight: 400;\">La <\/span><b>Comisi\u00f3n Administradora <\/b><span style=\"font-weight: 400;\">evaluar\u00e1 y dictaminar\u00e1 sobre los casos no previstos en el <\/span><b>anexo de prestaciones<\/b><span style=\"font-weight: 400;\">, dando fundamentos, teniendo en cuenta la situaci\u00f3n financiera del <\/span><b>FEE <\/b><span style=\"font-weight: 400;\">y podr\u00e1 contratar <\/span><b>profesionales<\/b><span style=\"font-weight: 400;\"> a fin de resolver situaciones que a su criterio lo requieran.<\/span><\/p>\n<p><b>Art. 14\u00ba:<\/b><span style=\"font-weight: 400;\"> El otorgamiento de los reintegros se realizar\u00e1 a trav\u00e9s de los afiliados titulares en sus cuentas bancarias y se les enviar\u00e1n un recibo que detalle concepto, monto y fecha de acreditaci\u00f3n. En caso de rechazo se les informar\u00e1 el motivo.<\/span><\/p>\n<p><b>Art. 15\u00ba:<\/b><span style=\"font-weight: 400;\"> La <\/span><b>Comisi\u00f3n administradora del FEE<\/b><span style=\"font-weight: 400;\">, podr\u00e1 resolver el otorgamiento de pr\u00e9stamos reintegrables, seg\u00fan las circunstancias del caso y teniendo en cuenta las disponibilidades del FONDO con acuerdo de la mayor\u00eda de sus integrantes.<\/span><\/p>\n<p><b>Art. 16\u00b0: <\/b><span style=\"font-weight: 400;\">Subsidio por fallecimiento: en caso de fallecimiento del asociado\/a (afiliado\/a titular) se le otorgar\u00e1 el equivalente a 75 juristas a quien \u00e9ste haya designado de acuerdo al reglamento de pr\u00e9stamos reintegrables\u00a0 y subsidios no reintegrables de la Asociaci\u00f3n de la Magistratura y la Funci\u00f3n Judicial de Entre R\u00edos. De ocurrir este hecho el grupo familiar deja de pertenecer al <\/span><b>FEE.<\/b><\/p>\n<p><b>\u00a0<\/b><b>PERIODO DE CARENCIA DE SERVICIOS.<\/b><\/p>\n<p><b>Art. 17\u00ba:<\/b> <span style=\"font-weight: 400;\">Todo nuevo integrante del<\/span><b> FONDO ESPECIAL PARA EMERGENCIAS<\/b><span style=\"font-weight: 400;\">, tendr\u00e1 un per\u00edodo de carencia de<\/span><b> TRES MESES<\/b><span style=\"font-weight: 400;\">, en los que no gozar\u00e1 de los servicios del <\/span><b>FEE.\u00a0 <\/b><\/p>\n\n<\/div><\/div>\n<div id=\"accordion-1465667929\" class=\"accordion-item\"><a id=\"accordion-1465667929-label\" href=\"#\" class=\"accordion-title plain\" aria-expanded=\"false\" aria-controls=\"accordion-1465667929-content\"><button class=\"toggle\" aria-label=\"Toggle\"><i class=\"icon-angle-down\"><\/i><\/button><span>IV - RENDICI\u00d3N DE CUENTAS POR EJERCICIO<\/span><\/a><div id=\"accordion-1465667929-content\" class=\"accordion-inner\" aria-labelledby=\"accordion-1465667929-label\">\n\n<p><b>Art. 18\u00ba<\/b><span style=\"font-weight: 400;\">: La contabilidad del <\/span><b>FONDO ESPECIAL PARA EMERGENCIAS<\/b><span style=\"font-weight: 400;\"> ir\u00e1 por cuenta separada, y se elaborar\u00e1 un informe mensual del estado financiero, el que se elevar\u00e1 a la Asociaci\u00f3n de la Magistratura y la Funci\u00f3n Judicial de Entre R\u00edos.<\/span><\/p>\n<p><b>El presente reglamento\u00a0 tendr\u00e1 vigencia a partir de MARZO de 2024<\/b><\/p>\n\n<\/div><\/div>\n\n<\/div>\n\n\t\t<\/div>\n\t\t\t\t\t<\/div>\n\n\t\n\n<\/div>\n<div class=\"row row-full-width align-middle align-center\"  id=\"row-1124435436\">\n\n\n\t<div id=\"col-98366581\" class=\"col small-12 large-12\"  >\n\t\t\t\t<div class=\"col-inner text-center\"  >\n\t\t\t\n\t\t\t\n\n<a rel=\"noopener noreferrer\" href=\"https:\/\/magistraer.com\/fee\/wp-content\/uploads\/sites\/2\/2025\/12\/Reglamento-FEE-01-03-2024.pdf\" target=\"_blank\" class=\"button primary is-shade box-shadow-3 box-shadow-5-hover\"  style=\"border-radius:5px;\">\n    <span>ver reglamento en pdf<\/span>\n  <\/a>\n\n\n\n\t\t<\/div>\n\t\t\t\t\t<\/div>\n\n\t\n\n<\/div>\n\n\t\t<\/div>\n\n\t\t\n<style>\n#section_776197190 {\n  padding-top: 30px;\n  padding-bottom: 30px;\n}\n#section_776197190 .ux-shape-divider--top svg {\n  height: 150px;\n  --divider-top-width: 100%;\n}\n#section_776197190 .ux-shape-divider--bottom svg {\n  height: 150px;\n  --divider-width: 100%;\n}\n<\/style>\n\t<\/section>\n\t\n\n","protected":false},"excerpt":{"rendered":"","protected":false},"author":3,"featured_media":0,"parent":0,"menu_order":0,"comment_status":"closed","ping_status":"closed","template":"page-blank.php","meta":{"_joinchat":[],"footnotes":""},"class_list":["post-45","page","type-page","status-publish","hentry"],"yoast_head":"<!-- This site is optimized with the Yoast SEO plugin v26.9 - https:\/\/yoast.com\/product\/yoast-seo-wordpress\/ -->\n<title>Reglamento - FEE<\/title>\n<meta name=\"robots\" content=\"index, follow, max-snippet:-1, max-image-preview:large, max-video-preview:-1\" \/>\n<link rel=\"canonical\" href=\"https:\/\/magistraer.com\/fee\/reglamento\/\" \/>\n<meta property=\"og:locale\" content=\"es_ES\" \/>\n<meta property=\"og:type\" content=\"article\" \/>\n<meta property=\"og:title\" content=\"Reglamento - FEE\" \/>\n<meta property=\"og:url\" content=\"https:\/\/magistraer.com\/fee\/reglamento\/\" \/>\n<meta property=\"og:site_name\" content=\"FEE\" \/>\n<meta property=\"article:modified_time\" content=\"2025-12-22T21:57:51+00:00\" \/>\n<meta name=\"twitter:card\" content=\"summary_large_image\" \/>\n<meta name=\"twitter:label1\" content=\"Tiempo de lectura\" \/>\n\t<meta name=\"twitter:data1\" content=\"6 minutos\" \/>\n<script type=\"application\/ld+json\" class=\"yoast-schema-graph\">{\"@context\":\"https:\/\/schema.org\",\"@graph\":[{\"@type\":\"WebPage\",\"@id\":\"https:\/\/magistraer.com\/fee\/reglamento\/\",\"url\":\"https:\/\/magistraer.com\/fee\/reglamento\/\",\"name\":\"Reglamento - FEE\",\"isPartOf\":{\"@id\":\"https:\/\/magistraer.com\/fee\/#website\"},\"datePublished\":\"2024-01-31T16:12:00+00:00\",\"dateModified\":\"2025-12-22T21:57:51+00:00\",\"breadcrumb\":{\"@id\":\"https:\/\/magistraer.com\/fee\/reglamento\/#breadcrumb\"},\"inLanguage\":\"es-AR\",\"potentialAction\":[{\"@type\":\"ReadAction\",\"target\":[\"https:\/\/magistraer.com\/fee\/reglamento\/\"]}]},{\"@type\":\"BreadcrumbList\",\"@id\":\"https:\/\/magistraer.com\/fee\/reglamento\/#breadcrumb\",\"itemListElement\":[{\"@type\":\"ListItem\",\"position\":1,\"name\":\"Inicio\",\"item\":\"https:\/\/magistraer.com\/fee\/\"},{\"@type\":\"ListItem\",\"position\":2,\"name\":\"Reglamento\"}]},{\"@type\":\"WebSite\",\"@id\":\"https:\/\/magistraer.com\/fee\/#website\",\"url\":\"https:\/\/magistraer.com\/fee\/\",\"name\":\"FEE\",\"description\":\"Fondo Especial de Emergencia\",\"potentialAction\":[{\"@type\":\"SearchAction\",\"target\":{\"@type\":\"EntryPoint\",\"urlTemplate\":\"https:\/\/magistraer.com\/fee\/?s={search_term_string}\"},\"query-input\":{\"@type\":\"PropertyValueSpecification\",\"valueRequired\":true,\"valueName\":\"search_term_string\"}}],\"inLanguage\":\"es-AR\"}]}<\/script>\n<!-- \/ Yoast SEO plugin. -->","yoast_head_json":{"title":"Reglamento - FEE","robots":{"index":"index","follow":"follow","max-snippet":"max-snippet:-1","max-image-preview":"max-image-preview:large","max-video-preview":"max-video-preview:-1"},"canonical":"https:\/\/magistraer.com\/fee\/reglamento\/","og_locale":"es_ES","og_type":"article","og_title":"Reglamento - FEE","og_url":"https:\/\/magistraer.com\/fee\/reglamento\/","og_site_name":"FEE","article_modified_time":"2025-12-22T21:57:51+00:00","twitter_card":"summary_large_image","twitter_misc":{"Tiempo de lectura":"6 minutos"},"schema":{"@context":"https:\/\/schema.org","@graph":[{"@type":"WebPage","@id":"https:\/\/magistraer.com\/fee\/reglamento\/","url":"https:\/\/magistraer.com\/fee\/reglamento\/","name":"Reglamento - FEE","isPartOf":{"@id":"https:\/\/magistraer.com\/fee\/#website"},"datePublished":"2024-01-31T16:12:00+00:00","dateModified":"2025-12-22T21:57:51+00:00","breadcrumb":{"@id":"https:\/\/magistraer.com\/fee\/reglamento\/#breadcrumb"},"inLanguage":"es-AR","potentialAction":[{"@type":"ReadAction","target":["https:\/\/magistraer.com\/fee\/reglamento\/"]}]},{"@type":"BreadcrumbList","@id":"https:\/\/magistraer.com\/fee\/reglamento\/#breadcrumb","itemListElement":[{"@type":"ListItem","position":1,"name":"Inicio","item":"https:\/\/magistraer.com\/fee\/"},{"@type":"ListItem","position":2,"name":"Reglamento"}]},{"@type":"WebSite","@id":"https:\/\/magistraer.com\/fee\/#website","url":"https:\/\/magistraer.com\/fee\/","name":"FEE","description":"Fondo Especial de Emergencia","potentialAction":[{"@type":"SearchAction","target":{"@type":"EntryPoint","urlTemplate":"https:\/\/magistraer.com\/fee\/?s={search_term_string}"},"query-input":{"@type":"PropertyValueSpecification","valueRequired":true,"valueName":"search_term_string"}}],"inLanguage":"es-AR"}]}},"_links":{"self":[{"href":"https:\/\/magistraer.com\/fee\/wp-json\/wp\/v2\/pages\/45","targetHints":{"allow":["GET"]}}],"collection":[{"href":"https:\/\/magistraer.com\/fee\/wp-json\/wp\/v2\/pages"}],"about":[{"href":"https:\/\/magistraer.com\/fee\/wp-json\/wp\/v2\/types\/page"}],"author":[{"embeddable":true,"href":"https:\/\/magistraer.com\/fee\/wp-json\/wp\/v2\/users\/3"}],"replies":[{"embeddable":true,"href":"https:\/\/magistraer.com\/fee\/wp-json\/wp\/v2\/comments?post=45"}],"version-history":[{"count":20,"href":"https:\/\/magistraer.com\/fee\/wp-json\/wp\/v2\/pages\/45\/revisions"}],"predecessor-version":[{"id":357,"href":"https:\/\/magistraer.com\/fee\/wp-json\/wp\/v2\/pages\/45\/revisions\/357"}],"wp:attachment":[{"href":"https:\/\/magistraer.com\/fee\/wp-json\/wp\/v2\/media?parent=45"}],"curies":[{"name":"wp","href":"https:\/\/api.w.org\/{rel}","templated":true}]}}