{"id":47,"date":"2024-01-31T13:12:13","date_gmt":"2024-01-31T16:12:13","guid":{"rendered":"https:\/\/vps-3841569-x.dattaweb.com\/fee\/?page_id=47"},"modified":"2024-04-09T16:06:10","modified_gmt":"2024-04-09T19:06:10","slug":"contacto","status":"publish","type":"page","link":"https:\/\/magistraer.com\/fee\/contacto\/","title":{"rendered":"Contacto"},"content":{"rendered":"\n\t<section class=\"section\" id=\"section_532295361\">\n\t\t<div class=\"bg section-bg fill bg-fill  bg-loaded\" >\n\n\t\t\t\n\t\t\t\n\t\t\t\n\n\t\t<\/div>\n\n\t\t\n\n\t\t<div class=\"section-content relative\">\n\t\t\t\n\n<div class=\"container section-title-container\" ><h3 class=\"section-title section-title-normal\"><b><\/b><span class=\"section-title-main\" >contacto<\/span><b><\/b><\/h3><\/div>\n\n<div class=\"row\"  id=\"row-1762354401\">\n\n\n\t<div id=\"col-695993568\" class=\"col medium-6 small-12 large-6\"  >\n\t\t\t\t<div class=\"col-inner text-center\"  >\n\t\t\t\n\t\t\t\n\n\t<div id=\"text-4148960542\" class=\"text Direccion\">\n\t\t\n\n<h2 class=\"uppercase\" style=\"text-align: left;\">\u00a0<\/h2>\n<p><strong><span style=\"font-size: 110%;\">D\u00edas y horarios de atenci\u00f3n:<\/span><\/strong><\/p>\n<p><span style=\"font-size: 110%;\"><i class=\"fa-brands fa-square-whatsapp\"><\/i> <a href=\"tel:+543434560823\">+54 9 3434 56-0823<\/a> respuesta dentro de las 24 hs. (D\u00edas h\u00e1biles)<\/span><\/p>\n<p><span style=\"font-size: 110%;\"><i class=\"fa-solid fa-mobile\"><\/i> <a href=\"http:\/\/wa.link\/0jveb6\">+54 9 3434 56-0823<\/a> lunes a viernes de 8 a 10 hs.<\/span><\/p>\n<p><span style=\"font-size: 110%;\"><i class=\"fa-solid fa-envelope\"><\/i> <a href=\"mailto:fondoemergencia@gmail.com\">fondoemergencia@gmail.com<\/a><\/span><\/p>\n<p><span style=\"font-size: 110%;\"><i class=\"fa-solid fa-map-location-dot\"><\/i> Direcci\u00f3n: Cordoba 221, Paran\u00e1, Entre R\u00edos.<\/span><\/p>\n<p><i class=\"fa-solid fa-clock\"><\/i> Lunes a Viernes 08 a 13 hs.<\/p>\n\t\t\n<style>\n#text-4148960542 {\n  text-align: left;\n}\n<\/style>\n\t<\/div>\n\t\n\n\t\t<\/div>\n\t\t\t\t\t<\/div>\n\n\t\n\n\t<div id=\"col-1907769199\" class=\"col medium-6 small-12 large-6\"  >\n\t\t\t\t<div class=\"col-inner text-center\"  >\n\t\t\t\n\t\t\t\n\n\t<div id=\"text-218610827\" class=\"text Direccion\">\n\t\t\n\n<p><iframe src=\"https:\/\/www.google.com\/maps\/embed?pb=!1m18!1m12!1m3!1d3393.5497468655576!2d-60.53301807218457!3d-31.72819219785695!2m3!1f0!2f0!3f0!3m2!1i1024!2i768!4f13.1!3m3!1m2!1s0x95b4527d190c1657%3A0x77833635ac57b197!2sAsociaci%C3%B3n%20de%20la%20Magistratura%20Y%20la%20Funci%C3%B3n%20Judicial%20de%20Entre%20R%C3%ADos!5e0!3m2!1ses-419!2sar!4v1707240902576!5m2!1ses-419!2sar\" width=\"600\" height=\"400\" style=\"border:0;\" allowfullscreen=\"\" loading=\"lazy\" referrerpolicy=\"no-referrer-when-downgrade\"><\/iframe><\/p>\n\t\t\n<style>\n#text-218610827 {\n  text-align: left;\n}\n<\/style>\n\t<\/div>\n\t\n\n\t\t<\/div>\n\t\t\t\t\t<\/div>\n\n\t\n\n<\/div>\n\n\t\t<\/div>\n\n\t\t\n<style>\n#section_532295361 {\n  padding-top: 0px;\n  padding-bottom: 0px;\n}\n#section_532295361 .ux-shape-divider--top svg {\n  height: 150px;\n  --divider-top-width: 100%;\n}\n#section_532295361 .ux-shape-divider--bottom svg {\n  height: 150px;\n  --divider-width: 100%;\n}\n<\/style>\n\t<\/section>\n\t\n\n","protected":false},"excerpt":{"rendered":"","protected":false},"author":3,"featured_media":0,"parent":0,"menu_order":0,"comment_status":"closed","ping_status":"closed","template":"","meta":{"_joinchat":[],"footnotes":""},"class_list":["post-47","page","type-page","status-publish","hentry"],"yoast_head":"<!-- This site is optimized with the Yoast SEO plugin v26.9 - https:\/\/yoast.com\/product\/yoast-seo-wordpress\/ -->\n<title>Contacto - FEE<\/title>\n<meta name=\"robots\" content=\"index, follow, max-snippet:-1, max-image-preview:large, max-video-preview:-1\" \/>\n<link rel=\"canonical\" href=\"https:\/\/magistraer.com\/fee\/contacto\/\" \/>\n<meta property=\"og:locale\" content=\"es_ES\" \/>\n<meta property=\"og:type\" content=\"article\" \/>\n<meta property=\"og:title\" content=\"Contacto - FEE\" \/>\n<meta property=\"og:url\" content=\"https:\/\/magistraer.com\/fee\/contacto\/\" \/>\n<meta property=\"og:site_name\" content=\"FEE\" \/>\n<meta property=\"article:modified_time\" content=\"2024-04-09T19:06:10+00:00\" \/>\n<meta name=\"twitter:card\" content=\"summary_large_image\" \/>\n<script type=\"application\/ld+json\" class=\"yoast-schema-graph\">{\"@context\":\"https:\/\/schema.org\",\"@graph\":[{\"@type\":\"WebPage\",\"@id\":\"https:\/\/magistraer.com\/fee\/contacto\/\",\"url\":\"https:\/\/magistraer.com\/fee\/contacto\/\",\"name\":\"Contacto - FEE\",\"isPartOf\":{\"@id\":\"https:\/\/magistraer.com\/fee\/#website\"},\"datePublished\":\"2024-01-31T16:12:13+00:00\",\"dateModified\":\"2024-04-09T19:06:10+00:00\",\"breadcrumb\":{\"@id\":\"https:\/\/magistraer.com\/fee\/contacto\/#breadcrumb\"},\"inLanguage\":\"es-AR\",\"potentialAction\":[{\"@type\":\"ReadAction\",\"target\":[\"https:\/\/magistraer.com\/fee\/contacto\/\"]}]},{\"@type\":\"BreadcrumbList\",\"@id\":\"https:\/\/magistraer.com\/fee\/contacto\/#breadcrumb\",\"itemListElement\":[{\"@type\":\"ListItem\",\"position\":1,\"name\":\"Inicio\",\"item\":\"https:\/\/magistraer.com\/fee\/\"},{\"@type\":\"ListItem\",\"position\":2,\"name\":\"Contacto\"}]},{\"@type\":\"WebSite\",\"@id\":\"https:\/\/magistraer.com\/fee\/#website\",\"url\":\"https:\/\/magistraer.com\/fee\/\",\"name\":\"FEE\",\"description\":\"Fondo Especial de Emergencia\",\"potentialAction\":[{\"@type\":\"SearchAction\",\"target\":{\"@type\":\"EntryPoint\",\"urlTemplate\":\"https:\/\/magistraer.com\/fee\/?s={search_term_string}\"},\"query-input\":{\"@type\":\"PropertyValueSpecification\",\"valueRequired\":true,\"valueName\":\"search_term_string\"}}],\"inLanguage\":\"es-AR\"}]}<\/script>\n<!-- \/ Yoast SEO plugin. -->","yoast_head_json":{"title":"Contacto - FEE","robots":{"index":"index","follow":"follow","max-snippet":"max-snippet:-1","max-image-preview":"max-image-preview:large","max-video-preview":"max-video-preview:-1"},"canonical":"https:\/\/magistraer.com\/fee\/contacto\/","og_locale":"es_ES","og_type":"article","og_title":"Contacto - FEE","og_url":"https:\/\/magistraer.com\/fee\/contacto\/","og_site_name":"FEE","article_modified_time":"2024-04-09T19:06:10+00:00","twitter_card":"summary_large_image","schema":{"@context":"https:\/\/schema.org","@graph":[{"@type":"WebPage","@id":"https:\/\/magistraer.com\/fee\/contacto\/","url":"https:\/\/magistraer.com\/fee\/contacto\/","name":"Contacto - FEE","isPartOf":{"@id":"https:\/\/magistraer.com\/fee\/#website"},"datePublished":"2024-01-31T16:12:13+00:00","dateModified":"2024-04-09T19:06:10+00:00","breadcrumb":{"@id":"https:\/\/magistraer.com\/fee\/contacto\/#breadcrumb"},"inLanguage":"es-AR","potentialAction":[{"@type":"ReadAction","target":["https:\/\/magistraer.com\/fee\/contacto\/"]}]},{"@type":"BreadcrumbList","@id":"https:\/\/magistraer.com\/fee\/contacto\/#breadcrumb","itemListElement":[{"@type":"ListItem","position":1,"name":"Inicio","item":"https:\/\/magistraer.com\/fee\/"},{"@type":"ListItem","position":2,"name":"Contacto"}]},{"@type":"WebSite","@id":"https:\/\/magistraer.com\/fee\/#website","url":"https:\/\/magistraer.com\/fee\/","name":"FEE","description":"Fondo Especial de Emergencia","potentialAction":[{"@type":"SearchAction","target":{"@type":"EntryPoint","urlTemplate":"https:\/\/magistraer.com\/fee\/?s={search_term_string}"},"query-input":{"@type":"PropertyValueSpecification","valueRequired":true,"valueName":"search_term_string"}}],"inLanguage":"es-AR"}]}},"_links":{"self":[{"href":"https:\/\/magistraer.com\/fee\/wp-json\/wp\/v2\/pages\/47","targetHints":{"allow":["GET"]}}],"collection":[{"href":"https:\/\/magistraer.com\/fee\/wp-json\/wp\/v2\/pages"}],"about":[{"href":"https:\/\/magistraer.com\/fee\/wp-json\/wp\/v2\/types\/page"}],"author":[{"embeddable":true,"href":"https:\/\/magistraer.com\/fee\/wp-json\/wp\/v2\/users\/3"}],"replies":[{"embeddable":true,"href":"https:\/\/magistraer.com\/fee\/wp-json\/wp\/v2\/comments?post=47"}],"version-history":[{"count":11,"href":"https:\/\/magistraer.com\/fee\/wp-json\/wp\/v2\/pages\/47\/revisions"}],"predecessor-version":[{"id":184,"href":"https:\/\/magistraer.com\/fee\/wp-json\/wp\/v2\/pages\/47\/revisions\/184"}],"wp:attachment":[{"href":"https:\/\/magistraer.com\/fee\/wp-json\/wp\/v2\/media?parent=47"}],"curies":[{"name":"wp","href":"https:\/\/api.w.org\/{rel}","templated":true}]}}